{"id":226,"date":"2018-07-25T19:44:36","date_gmt":"2018-07-25T19:44:36","guid":{"rendered":"https:\/\/experiencia.winterhalter.com\/co\/?page_id=226"},"modified":"2018-09-12T17:12:21","modified_gmt":"2018-09-12T17:12:21","slug":"valores-colombia","status":"publish","type":"page","link":"https:\/\/experiencia.winterhalter.com\/co\/valores-colombia\/","title":{"rendered":"Valores"},"content":{"rendered":"<h2>Confiamos en nuestra calidad<\/h2>\n<p>En Winterhalter ofrecemos los m\u00e1s altos est\u00e1ndares de calidad ya que contamos, no solo con los mejores sistemas de lavado industrial del mercado, sino con el m\u00e1s completo servicio y garant\u00eda postventa.<\/p>\n<h2>Soluciones personalizadas<\/h2>\n<p>Contamos con un completo sistema que incluye lavavajillas, qu\u00edmicos, equipos para el tratamiento de agua y cestas de lavado. A partir de esto desarrollamos una soluci\u00f3n personalizada que se adapta a su situaci\u00f3n individual, necesidades y preferencias de negocio.<\/p>\n<h2>Compromiso<\/h2>\n<p>Somos el mejor aliado para su negocio, por eso miramos, escuchamos y hacemos sugerencias para resolver todos los problemas en sus procesos de lavado. Nuestro compromiso es estar a su disposici\u00f3n siempre que usted lo requiera.<\/p>\n<h2>Permanente innovaci\u00f3n<\/h2>\n<p>Invertimos en investigaci\u00f3n y desarrollo de nuevas tecnolog\u00edas para ofrecer mejores soluciones, productos innovadores y nuevos modelos comerciales. Estamos jugando un papel activo en la configuraci\u00f3n del futuro del lavado profesional.<\/p>\n","protected":false},"excerpt":{"rendered":"<p>Confiamos en nuestra calidad En Winterhalter ofrecemos los m\u00e1s altos est\u00e1ndares de calidad ya que contamos, no solo con los mejores sistemas de lavado industrial [&hellip;]<\/p>\n","protected":false},"author":7,"featured_media":0,"parent":0,"menu_order":0,"comment_status":"closed","ping_status":"closed","template":"page-colombia.php","meta":{"_acf_changed":false,"footnotes":""},"class_list":["post-226","page","type-page","status-publish","hentry"],"acf":[],"yoast_head":"<!-- This site is optimized with the Yoast SEO plugin v26.8 - https:\/\/yoast.com\/product\/yoast-seo-wordpress\/ -->\n<title>Servicios Winterhalter | Valor integral para Lavavajillas<\/title>\n<meta name=\"description\" content=\"Siempre podr\u00e1s confiar en nuestra tecnolog\u00eda de lavavajillas. En caso de que surja alg\u00fan problema, nuestro servicio t\u00e9cnico lo atender\u00e1 r\u00e1pidamente.\" \/>\n<meta name=\"robots\" content=\"index, follow, max-snippet:-1, max-image-preview:large, max-video-preview:-1\" \/>\n<link rel=\"canonical\" href=\"https:\/\/experiencia.winterhalter.com\/co\/valores-colombia\/\" \/>\n<meta property=\"og:locale\" content=\"es_ES\" \/>\n<meta property=\"og:type\" content=\"article\" \/>\n<meta property=\"og:title\" content=\"Servicios Winterhalter | Valor integral para Lavavajillas\" \/>\n<meta property=\"og:description\" content=\"Siempre podr\u00e1s confiar en nuestra tecnolog\u00eda de lavavajillas. En caso de que surja alg\u00fan problema, nuestro servicio t\u00e9cnico lo atender\u00e1 r\u00e1pidamente.\" \/>\n<meta property=\"og:url\" content=\"https:\/\/experiencia.winterhalter.com\/co\/valores-colombia\/\" \/>\n<meta property=\"og:site_name\" content=\"Experiencia Winterhalter Andina\" \/>\n<meta property=\"article:publisher\" content=\"https:\/\/www.facebook.com\/winterhalterandinasas\/\" \/>\n<meta property=\"article:modified_time\" content=\"2018-09-12T17:12:21+00:00\" \/>\n<meta name=\"twitter:card\" content=\"summary_large_image\" \/>\n<meta name=\"twitter:label1\" content=\"Tiempo de lectura\" \/>\n\t<meta name=\"twitter:data1\" content=\"1 minuto\" \/>\n<script type=\"application\/ld+json\" class=\"yoast-schema-graph\">{\"@context\":\"https:\/\/schema.org\",\"@graph\":[{\"@type\":\"WebPage\",\"@id\":\"https:\/\/experiencia.winterhalter.com\/co\/valores-colombia\/\",\"url\":\"https:\/\/experiencia.winterhalter.com\/co\/valores-colombia\/\",\"name\":\"Servicios Winterhalter | Valor integral para Lavavajillas\",\"isPartOf\":{\"@id\":\"https:\/\/experiencia.winterhalter.com\/co\/#website\"},\"datePublished\":\"2018-07-25T19:44:36+00:00\",\"dateModified\":\"2018-09-12T17:12:21+00:00\",\"description\":\"Siempre podr\u00e1s confiar en nuestra tecnolog\u00eda de lavavajillas. En caso de que surja alg\u00fan problema, nuestro servicio t\u00e9cnico lo atender\u00e1 r\u00e1pidamente.\",\"breadcrumb\":{\"@id\":\"https:\/\/experiencia.winterhalter.com\/co\/valores-colombia\/#breadcrumb\"},\"inLanguage\":\"es\",\"potentialAction\":[{\"@type\":\"ReadAction\",\"target\":[\"https:\/\/experiencia.winterhalter.com\/co\/valores-colombia\/\"]}]},{\"@type\":\"BreadcrumbList\",\"@id\":\"https:\/\/experiencia.winterhalter.com\/co\/valores-colombia\/#breadcrumb\",\"itemListElement\":[{\"@type\":\"ListItem\",\"position\":1,\"name\":\"Portada\",\"item\":\"https:\/\/experiencia.winterhalter.com\/co\/\"},{\"@type\":\"ListItem\",\"position\":2,\"name\":\"Valores\"}]},{\"@type\":\"WebSite\",\"@id\":\"https:\/\/experiencia.winterhalter.com\/co\/#website\",\"url\":\"https:\/\/experiencia.winterhalter.com\/co\/\",\"name\":\"Experiencia Winterhalter Andina\",\"description\":\"\",\"publisher\":{\"@id\":\"https:\/\/experiencia.winterhalter.com\/co\/#organization\"},\"potentialAction\":[{\"@type\":\"SearchAction\",\"target\":{\"@type\":\"EntryPoint\",\"urlTemplate\":\"https:\/\/experiencia.winterhalter.com\/co\/?s={search_term_string}\"},\"query-input\":{\"@type\":\"PropertyValueSpecification\",\"valueRequired\":true,\"valueName\":\"search_term_string\"}}],\"inLanguage\":\"es\"},{\"@type\":\"Organization\",\"@id\":\"https:\/\/experiencia.winterhalter.com\/co\/#organization\",\"name\":\"Winterhalter Andina SAS\",\"url\":\"https:\/\/experiencia.winterhalter.com\/co\/\",\"logo\":{\"@type\":\"ImageObject\",\"inLanguage\":\"es\",\"@id\":\"https:\/\/experiencia.winterhalter.com\/co\/#\/schema\/logo\/image\/\",\"url\":\"https:\/\/experiencia.winterhalter.com\/co\/wp-content\/uploads\/2024\/02\/imagen-logo-instagram-copia.jpg\",\"contentUrl\":\"https:\/\/experiencia.winterhalter.com\/co\/wp-content\/uploads\/2024\/02\/imagen-logo-instagram-copia.jpg\",\"width\":768,\"height\":768,\"caption\":\"Winterhalter Andina SAS\"},\"image\":{\"@id\":\"https:\/\/experiencia.winterhalter.com\/co\/#\/schema\/logo\/image\/\"},\"sameAs\":[\"https:\/\/www.facebook.com\/winterhalterandinasas\/\",\"https:\/\/www.instagram.com\/winterhalterandina\/\",\"https:\/\/www.linkedin.com\/company\/winterhalter-andina-col\/\"]}]}<\/script>\n<!-- \/ Yoast SEO plugin. -->","yoast_head_json":{"title":"Servicios Winterhalter | Valor integral para Lavavajillas","description":"Siempre podr\u00e1s confiar en nuestra tecnolog\u00eda de lavavajillas. En caso de que surja alg\u00fan problema, nuestro servicio t\u00e9cnico lo atender\u00e1 r\u00e1pidamente.","robots":{"index":"index","follow":"follow","max-snippet":"max-snippet:-1","max-image-preview":"max-image-preview:large","max-video-preview":"max-video-preview:-1"},"canonical":"https:\/\/experiencia.winterhalter.com\/co\/valores-colombia\/","og_locale":"es_ES","og_type":"article","og_title":"Servicios Winterhalter | Valor integral para Lavavajillas","og_description":"Siempre podr\u00e1s confiar en nuestra tecnolog\u00eda de lavavajillas. En caso de que surja alg\u00fan problema, nuestro servicio t\u00e9cnico lo atender\u00e1 r\u00e1pidamente.","og_url":"https:\/\/experiencia.winterhalter.com\/co\/valores-colombia\/","og_site_name":"Experiencia Winterhalter Andina","article_publisher":"https:\/\/www.facebook.com\/winterhalterandinasas\/","article_modified_time":"2018-09-12T17:12:21+00:00","twitter_card":"summary_large_image","twitter_misc":{"Tiempo de lectura":"1 minuto"},"schema":{"@context":"https:\/\/schema.org","@graph":[{"@type":"WebPage","@id":"https:\/\/experiencia.winterhalter.com\/co\/valores-colombia\/","url":"https:\/\/experiencia.winterhalter.com\/co\/valores-colombia\/","name":"Servicios Winterhalter | Valor integral para Lavavajillas","isPartOf":{"@id":"https:\/\/experiencia.winterhalter.com\/co\/#website"},"datePublished":"2018-07-25T19:44:36+00:00","dateModified":"2018-09-12T17:12:21+00:00","description":"Siempre podr\u00e1s confiar en nuestra tecnolog\u00eda de lavavajillas. En caso de que surja alg\u00fan problema, nuestro servicio t\u00e9cnico lo atender\u00e1 r\u00e1pidamente.","breadcrumb":{"@id":"https:\/\/experiencia.winterhalter.com\/co\/valores-colombia\/#breadcrumb"},"inLanguage":"es","potentialAction":[{"@type":"ReadAction","target":["https:\/\/experiencia.winterhalter.com\/co\/valores-colombia\/"]}]},{"@type":"BreadcrumbList","@id":"https:\/\/experiencia.winterhalter.com\/co\/valores-colombia\/#breadcrumb","itemListElement":[{"@type":"ListItem","position":1,"name":"Portada","item":"https:\/\/experiencia.winterhalter.com\/co\/"},{"@type":"ListItem","position":2,"name":"Valores"}]},{"@type":"WebSite","@id":"https:\/\/experiencia.winterhalter.com\/co\/#website","url":"https:\/\/experiencia.winterhalter.com\/co\/","name":"Experiencia Winterhalter Andina","description":"","publisher":{"@id":"https:\/\/experiencia.winterhalter.com\/co\/#organization"},"potentialAction":[{"@type":"SearchAction","target":{"@type":"EntryPoint","urlTemplate":"https:\/\/experiencia.winterhalter.com\/co\/?s={search_term_string}"},"query-input":{"@type":"PropertyValueSpecification","valueRequired":true,"valueName":"search_term_string"}}],"inLanguage":"es"},{"@type":"Organization","@id":"https:\/\/experiencia.winterhalter.com\/co\/#organization","name":"Winterhalter Andina SAS","url":"https:\/\/experiencia.winterhalter.com\/co\/","logo":{"@type":"ImageObject","inLanguage":"es","@id":"https:\/\/experiencia.winterhalter.com\/co\/#\/schema\/logo\/image\/","url":"https:\/\/experiencia.winterhalter.com\/co\/wp-content\/uploads\/2024\/02\/imagen-logo-instagram-copia.jpg","contentUrl":"https:\/\/experiencia.winterhalter.com\/co\/wp-content\/uploads\/2024\/02\/imagen-logo-instagram-copia.jpg","width":768,"height":768,"caption":"Winterhalter Andina SAS"},"image":{"@id":"https:\/\/experiencia.winterhalter.com\/co\/#\/schema\/logo\/image\/"},"sameAs":["https:\/\/www.facebook.com\/winterhalterandinasas\/","https:\/\/www.instagram.com\/winterhalterandina\/","https:\/\/www.linkedin.com\/company\/winterhalter-andina-col\/"]}]}},"_links":{"self":[{"href":"https:\/\/experiencia.winterhalter.com\/co\/wp-json\/wp\/v2\/pages\/226","targetHints":{"allow":["GET"]}}],"collection":[{"href":"https:\/\/experiencia.winterhalter.com\/co\/wp-json\/wp\/v2\/pages"}],"about":[{"href":"https:\/\/experiencia.winterhalter.com\/co\/wp-json\/wp\/v2\/types\/page"}],"author":[{"embeddable":true,"href":"https:\/\/experiencia.winterhalter.com\/co\/wp-json\/wp\/v2\/users\/7"}],"replies":[{"embeddable":true,"href":"https:\/\/experiencia.winterhalter.com\/co\/wp-json\/wp\/v2\/comments?post=226"}],"version-history":[{"count":4,"href":"https:\/\/experiencia.winterhalter.com\/co\/wp-json\/wp\/v2\/pages\/226\/revisions"}],"predecessor-version":[{"id":461,"href":"https:\/\/experiencia.winterhalter.com\/co\/wp-json\/wp\/v2\/pages\/226\/revisions\/461"}],"wp:attachment":[{"href":"https:\/\/experiencia.winterhalter.com\/co\/wp-json\/wp\/v2\/media?parent=226"}],"curies":[{"name":"wp","href":"https:\/\/api.w.org\/{rel}","templated":true}]}}