{"id":79,"date":"2018-07-12T13:15:04","date_gmt":"2018-07-12T13:15:04","guid":{"rendered":"https:\/\/experiencia.winterhalter.com\/co\/?page_id=79"},"modified":"2019-11-25T06:52:09","modified_gmt":"2019-11-25T11:52:09","slug":"contacto-colombia","status":"publish","type":"page","link":"https:\/\/experiencia.winterhalter.com\/co\/contacto-colombia\/","title":{"rendered":"Contacto Colombia"},"content":{"rendered":"\t\t<div data-elementor-type=\"wp-post\" data-elementor-id=\"79\" class=\"elementor elementor-79\" data-elementor-post-type=\"page\">\n\t\t\t\t\t\t<section class=\"elementor-section elementor-top-section elementor-element elementor-element-4eb7ad33 elementor-section-boxed elementor-section-height-default elementor-section-height-default\" data-id=\"4eb7ad33\" data-element_type=\"section\" data-e-type=\"section\">\n\t\t\t\t\t\t<div class=\"elementor-container elementor-column-gap-default\">\n\t\t\t\t\t<div class=\"elementor-column elementor-col-50 elementor-top-column elementor-element elementor-element-45afc924\" data-id=\"45afc924\" data-element_type=\"column\" data-e-type=\"column\">\n\t\t\t<div class=\"elementor-widget-wrap elementor-element-populated\">\n\t\t\t\t\t\t<div class=\"elementor-element elementor-element-3d0ed331 elementor-widget elementor-widget-text-editor\" data-id=\"3d0ed331\" data-element_type=\"widget\" data-e-type=\"widget\" data-widget_type=\"text-editor.default\">\n\t\t\t\t<div class=\"elementor-widget-container\">\n\t\t\t\t\t\t\t\t\tWinterhalter Colombia\nWinterhalter Andina SAS\nCarrera 49A # 91-24 Bogot\u00e1 &#8211; Colombia\nTel- + 57 1 381 9272<a href=\"mailto:info@winterhalter.co\">\ninfo@winterhalter.co<\/a>\t\t\t\t\t\t\t\t<\/div>\n\t\t\t\t<\/div>\n\t\t\t\t<div class=\"elementor-element elementor-element-29d70a9 elementor-widget elementor-widget-image\" data-id=\"29d70a9\" data-element_type=\"widget\" data-e-type=\"widget\" data-widget_type=\"image.default\">\n\t\t\t\t<div class=\"elementor-widget-container\">\n\t\t\t\t\t\t\t\t\t\t\t\t\t\t\t<img fetchpriority=\"high\" decoding=\"async\" width=\"400\" height=\"255\" src=\"https:\/\/experiencia.winterhalter.com\/co\/wp-content\/uploads\/2018\/10\/undercounter-warewasher-winterhalter-uc-navigation.png\" class=\"attachment-full size-full wp-image-553\" alt=\"Lavavajillas de bajo mostrador\" srcset=\"https:\/\/experiencia.winterhalter.com\/co\/wp-content\/uploads\/2018\/10\/undercounter-warewasher-winterhalter-uc-navigation.png 400w, https:\/\/experiencia.winterhalter.com\/co\/wp-content\/uploads\/2018\/10\/undercounter-warewasher-winterhalter-uc-navigation-300x191.png 300w, https:\/\/experiencia.winterhalter.com\/co\/wp-content\/uploads\/2018\/10\/undercounter-warewasher-winterhalter-uc-navigation-24x15.png 24w, https:\/\/experiencia.winterhalter.com\/co\/wp-content\/uploads\/2018\/10\/undercounter-warewasher-winterhalter-uc-navigation-36x23.png 36w, https:\/\/experiencia.winterhalter.com\/co\/wp-content\/uploads\/2018\/10\/undercounter-warewasher-winterhalter-uc-navigation-48x31.png 48w\" sizes=\"(max-width: 400px) 100vw, 400px\" \/>\t\t\t\t\t\t\t\t\t\t\t\t\t\t\t<\/div>\n\t\t\t\t<\/div>\n\t\t\t\t\t<\/div>\n\t\t<\/div>\n\t\t\t\t<div class=\"elementor-column elementor-col-50 elementor-top-column elementor-element elementor-element-a1a1807\" data-id=\"a1a1807\" data-element_type=\"column\" data-e-type=\"column\">\n\t\t\t<div class=\"elementor-widget-wrap elementor-element-populated\">\n\t\t\t\t\t\t<div class=\"elementor-element elementor-element-1f3c405 elementor-widget__width-inherit elementor-widget elementor-widget-html\" data-id=\"1f3c405\" data-element_type=\"widget\" data-e-type=\"widget\" data-widget_type=\"html.default\">\n\t\t\t\t<div class=\"elementor-widget-container\">\n\t\t\t\t\t<iframe style=width:610px;height:500px; src='https:\/\/crm.zoho.com\/crm\/WebFormServeServlet?rid=5759a23c0d0c22a311d17e00d49ca4d9b37978333c183594437ac87c04919a1egid2715f7be3e75ff1c2c6efb71fda1119cab1a03999f57e28c9114c1bd5894b8fe'><\/iframe>\t\t\t\t<\/div>\n\t\t\t\t<\/div>\n\t\t\t\t\t<\/div>\n\t\t<\/div>\n\t\t\t\t\t<\/div>\n\t\t<\/section>\n\t\t\t\t<\/div>\n\t\t","protected":false},"excerpt":{"rendered":"<p>Winterhalter Colombia Winterhalter Andina SAS Carrera 49A # 91-24 Bogot\u00e1 &#8211; Colombia Tel- + 57 1 381 9272 info@winterhalter.co<\/p>\n","protected":false},"author":7,"featured_media":0,"parent":0,"menu_order":0,"comment_status":"closed","ping_status":"closed","template":"page-colombia.php","meta":{"_acf_changed":false,"footnotes":""},"class_list":["post-79","page","type-page","status-publish","hentry"],"acf":[],"yoast_head":"<!-- This site is optimized with the Yoast SEO plugin v26.8 - https:\/\/yoast.com\/product\/yoast-seo-wordpress\/ -->\n<title>Escr\u00edbenos | Winterhalter<\/title>\n<meta name=\"description\" content=\"Para nosotros son muy importantes tus inquietudes. Escr\u00edbenos que uno de nuestros asesores se pondr\u00e1 en contacto r\u00e1pidamente. \u00bfEn qu\u00e9 podemos ayudarte?\" \/>\n<meta name=\"robots\" content=\"index, follow, max-snippet:-1, max-image-preview:large, max-video-preview:-1\" \/>\n<link rel=\"canonical\" href=\"https:\/\/experiencia.winterhalter.com\/co\/contacto-colombia\/\" \/>\n<meta property=\"og:locale\" content=\"es_ES\" \/>\n<meta property=\"og:type\" content=\"article\" \/>\n<meta property=\"og:title\" content=\"Escr\u00edbenos | Winterhalter\" \/>\n<meta property=\"og:description\" content=\"Para nosotros son muy importantes tus inquietudes. Escr\u00edbenos que uno de nuestros asesores se pondr\u00e1 en contacto r\u00e1pidamente. \u00bfEn qu\u00e9 podemos ayudarte?\" \/>\n<meta property=\"og:url\" content=\"https:\/\/experiencia.winterhalter.com\/co\/contacto-colombia\/\" \/>\n<meta property=\"og:site_name\" content=\"Experiencia Winterhalter Andina\" \/>\n<meta property=\"article:publisher\" content=\"https:\/\/www.facebook.com\/winterhalterandinasas\/\" \/>\n<meta property=\"article:modified_time\" content=\"2019-11-25T11:52:09+00:00\" \/>\n<meta property=\"og:image\" content=\"https:\/\/experiencia.winterhalter.com\/co\/wp-content\/uploads\/2018\/10\/undercounter-warewasher-winterhalter-uc-navigation.png\" \/>\n<meta name=\"twitter:card\" content=\"summary_large_image\" \/>\n<script type=\"application\/ld+json\" class=\"yoast-schema-graph\">{\"@context\":\"https:\/\/schema.org\",\"@graph\":[{\"@type\":\"WebPage\",\"@id\":\"https:\/\/experiencia.winterhalter.com\/co\/contacto-colombia\/\",\"url\":\"https:\/\/experiencia.winterhalter.com\/co\/contacto-colombia\/\",\"name\":\"Escr\u00edbenos | Winterhalter\",\"isPartOf\":{\"@id\":\"https:\/\/experiencia.winterhalter.com\/co\/#website\"},\"primaryImageOfPage\":{\"@id\":\"https:\/\/experiencia.winterhalter.com\/co\/contacto-colombia\/#primaryimage\"},\"image\":{\"@id\":\"https:\/\/experiencia.winterhalter.com\/co\/contacto-colombia\/#primaryimage\"},\"thumbnailUrl\":\"https:\/\/experiencia.winterhalter.com\/co\/wp-content\/uploads\/2018\/10\/undercounter-warewasher-winterhalter-uc-navigation.png\",\"datePublished\":\"2018-07-12T13:15:04+00:00\",\"dateModified\":\"2019-11-25T11:52:09+00:00\",\"description\":\"Para nosotros son muy importantes tus inquietudes. Escr\u00edbenos que uno de nuestros asesores se pondr\u00e1 en contacto r\u00e1pidamente. \u00bfEn qu\u00e9 podemos ayudarte?\",\"breadcrumb\":{\"@id\":\"https:\/\/experiencia.winterhalter.com\/co\/contacto-colombia\/#breadcrumb\"},\"inLanguage\":\"es\",\"potentialAction\":[{\"@type\":\"ReadAction\",\"target\":[\"https:\/\/experiencia.winterhalter.com\/co\/contacto-colombia\/\"]}]},{\"@type\":\"ImageObject\",\"inLanguage\":\"es\",\"@id\":\"https:\/\/experiencia.winterhalter.com\/co\/contacto-colombia\/#primaryimage\",\"url\":\"https:\/\/experiencia.winterhalter.com\/co\/wp-content\/uploads\/2018\/10\/undercounter-warewasher-winterhalter-uc-navigation.png\",\"contentUrl\":\"https:\/\/experiencia.winterhalter.com\/co\/wp-content\/uploads\/2018\/10\/undercounter-warewasher-winterhalter-uc-navigation.png\",\"width\":400,\"height\":255,\"caption\":\"Lavavajillas de bajo mostrador\"},{\"@type\":\"BreadcrumbList\",\"@id\":\"https:\/\/experiencia.winterhalter.com\/co\/contacto-colombia\/#breadcrumb\",\"itemListElement\":[{\"@type\":\"ListItem\",\"position\":1,\"name\":\"Portada\",\"item\":\"https:\/\/experiencia.winterhalter.com\/co\/\"},{\"@type\":\"ListItem\",\"position\":2,\"name\":\"Contacto Colombia\"}]},{\"@type\":\"WebSite\",\"@id\":\"https:\/\/experiencia.winterhalter.com\/co\/#website\",\"url\":\"https:\/\/experiencia.winterhalter.com\/co\/\",\"name\":\"Experiencia Winterhalter Andina\",\"description\":\"\",\"publisher\":{\"@id\":\"https:\/\/experiencia.winterhalter.com\/co\/#organization\"},\"potentialAction\":[{\"@type\":\"SearchAction\",\"target\":{\"@type\":\"EntryPoint\",\"urlTemplate\":\"https:\/\/experiencia.winterhalter.com\/co\/?s={search_term_string}\"},\"query-input\":{\"@type\":\"PropertyValueSpecification\",\"valueRequired\":true,\"valueName\":\"search_term_string\"}}],\"inLanguage\":\"es\"},{\"@type\":\"Organization\",\"@id\":\"https:\/\/experiencia.winterhalter.com\/co\/#organization\",\"name\":\"Winterhalter Andina SAS\",\"url\":\"https:\/\/experiencia.winterhalter.com\/co\/\",\"logo\":{\"@type\":\"ImageObject\",\"inLanguage\":\"es\",\"@id\":\"https:\/\/experiencia.winterhalter.com\/co\/#\/schema\/logo\/image\/\",\"url\":\"https:\/\/experiencia.winterhalter.com\/co\/wp-content\/uploads\/2024\/02\/imagen-logo-instagram-copia.jpg\",\"contentUrl\":\"https:\/\/experiencia.winterhalter.com\/co\/wp-content\/uploads\/2024\/02\/imagen-logo-instagram-copia.jpg\",\"width\":768,\"height\":768,\"caption\":\"Winterhalter Andina SAS\"},\"image\":{\"@id\":\"https:\/\/experiencia.winterhalter.com\/co\/#\/schema\/logo\/image\/\"},\"sameAs\":[\"https:\/\/www.facebook.com\/winterhalterandinasas\/\",\"https:\/\/www.instagram.com\/winterhalterandina\/\",\"https:\/\/www.linkedin.com\/company\/winterhalter-andina-col\/\"]}]}<\/script>\n<!-- \/ Yoast SEO plugin. -->","yoast_head_json":{"title":"Escr\u00edbenos | Winterhalter","description":"Para nosotros son muy importantes tus inquietudes. Escr\u00edbenos que uno de nuestros asesores se pondr\u00e1 en contacto r\u00e1pidamente. \u00bfEn qu\u00e9 podemos ayudarte?","robots":{"index":"index","follow":"follow","max-snippet":"max-snippet:-1","max-image-preview":"max-image-preview:large","max-video-preview":"max-video-preview:-1"},"canonical":"https:\/\/experiencia.winterhalter.com\/co\/contacto-colombia\/","og_locale":"es_ES","og_type":"article","og_title":"Escr\u00edbenos | Winterhalter","og_description":"Para nosotros son muy importantes tus inquietudes. Escr\u00edbenos que uno de nuestros asesores se pondr\u00e1 en contacto r\u00e1pidamente. \u00bfEn qu\u00e9 podemos ayudarte?","og_url":"https:\/\/experiencia.winterhalter.com\/co\/contacto-colombia\/","og_site_name":"Experiencia Winterhalter Andina","article_publisher":"https:\/\/www.facebook.com\/winterhalterandinasas\/","article_modified_time":"2019-11-25T11:52:09+00:00","og_image":[{"url":"https:\/\/experiencia.winterhalter.com\/co\/wp-content\/uploads\/2018\/10\/undercounter-warewasher-winterhalter-uc-navigation.png","type":"","width":"","height":""}],"twitter_card":"summary_large_image","schema":{"@context":"https:\/\/schema.org","@graph":[{"@type":"WebPage","@id":"https:\/\/experiencia.winterhalter.com\/co\/contacto-colombia\/","url":"https:\/\/experiencia.winterhalter.com\/co\/contacto-colombia\/","name":"Escr\u00edbenos | Winterhalter","isPartOf":{"@id":"https:\/\/experiencia.winterhalter.com\/co\/#website"},"primaryImageOfPage":{"@id":"https:\/\/experiencia.winterhalter.com\/co\/contacto-colombia\/#primaryimage"},"image":{"@id":"https:\/\/experiencia.winterhalter.com\/co\/contacto-colombia\/#primaryimage"},"thumbnailUrl":"https:\/\/experiencia.winterhalter.com\/co\/wp-content\/uploads\/2018\/10\/undercounter-warewasher-winterhalter-uc-navigation.png","datePublished":"2018-07-12T13:15:04+00:00","dateModified":"2019-11-25T11:52:09+00:00","description":"Para nosotros son muy importantes tus inquietudes. Escr\u00edbenos que uno de nuestros asesores se pondr\u00e1 en contacto r\u00e1pidamente. \u00bfEn qu\u00e9 podemos ayudarte?","breadcrumb":{"@id":"https:\/\/experiencia.winterhalter.com\/co\/contacto-colombia\/#breadcrumb"},"inLanguage":"es","potentialAction":[{"@type":"ReadAction","target":["https:\/\/experiencia.winterhalter.com\/co\/contacto-colombia\/"]}]},{"@type":"ImageObject","inLanguage":"es","@id":"https:\/\/experiencia.winterhalter.com\/co\/contacto-colombia\/#primaryimage","url":"https:\/\/experiencia.winterhalter.com\/co\/wp-content\/uploads\/2018\/10\/undercounter-warewasher-winterhalter-uc-navigation.png","contentUrl":"https:\/\/experiencia.winterhalter.com\/co\/wp-content\/uploads\/2018\/10\/undercounter-warewasher-winterhalter-uc-navigation.png","width":400,"height":255,"caption":"Lavavajillas de bajo mostrador"},{"@type":"BreadcrumbList","@id":"https:\/\/experiencia.winterhalter.com\/co\/contacto-colombia\/#breadcrumb","itemListElement":[{"@type":"ListItem","position":1,"name":"Portada","item":"https:\/\/experiencia.winterhalter.com\/co\/"},{"@type":"ListItem","position":2,"name":"Contacto Colombia"}]},{"@type":"WebSite","@id":"https:\/\/experiencia.winterhalter.com\/co\/#website","url":"https:\/\/experiencia.winterhalter.com\/co\/","name":"Experiencia Winterhalter Andina","description":"","publisher":{"@id":"https:\/\/experiencia.winterhalter.com\/co\/#organization"},"potentialAction":[{"@type":"SearchAction","target":{"@type":"EntryPoint","urlTemplate":"https:\/\/experiencia.winterhalter.com\/co\/?s={search_term_string}"},"query-input":{"@type":"PropertyValueSpecification","valueRequired":true,"valueName":"search_term_string"}}],"inLanguage":"es"},{"@type":"Organization","@id":"https:\/\/experiencia.winterhalter.com\/co\/#organization","name":"Winterhalter Andina SAS","url":"https:\/\/experiencia.winterhalter.com\/co\/","logo":{"@type":"ImageObject","inLanguage":"es","@id":"https:\/\/experiencia.winterhalter.com\/co\/#\/schema\/logo\/image\/","url":"https:\/\/experiencia.winterhalter.com\/co\/wp-content\/uploads\/2024\/02\/imagen-logo-instagram-copia.jpg","contentUrl":"https:\/\/experiencia.winterhalter.com\/co\/wp-content\/uploads\/2024\/02\/imagen-logo-instagram-copia.jpg","width":768,"height":768,"caption":"Winterhalter Andina SAS"},"image":{"@id":"https:\/\/experiencia.winterhalter.com\/co\/#\/schema\/logo\/image\/"},"sameAs":["https:\/\/www.facebook.com\/winterhalterandinasas\/","https:\/\/www.instagram.com\/winterhalterandina\/","https:\/\/www.linkedin.com\/company\/winterhalter-andina-col\/"]}]}},"_links":{"self":[{"href":"https:\/\/experiencia.winterhalter.com\/co\/wp-json\/wp\/v2\/pages\/79","targetHints":{"allow":["GET"]}}],"collection":[{"href":"https:\/\/experiencia.winterhalter.com\/co\/wp-json\/wp\/v2\/pages"}],"about":[{"href":"https:\/\/experiencia.winterhalter.com\/co\/wp-json\/wp\/v2\/types\/page"}],"author":[{"embeddable":true,"href":"https:\/\/experiencia.winterhalter.com\/co\/wp-json\/wp\/v2\/users\/7"}],"replies":[{"embeddable":true,"href":"https:\/\/experiencia.winterhalter.com\/co\/wp-json\/wp\/v2\/comments?post=79"}],"version-history":[{"count":86,"href":"https:\/\/experiencia.winterhalter.com\/co\/wp-json\/wp\/v2\/pages\/79\/revisions"}],"predecessor-version":[{"id":1982,"href":"https:\/\/experiencia.winterhalter.com\/co\/wp-json\/wp\/v2\/pages\/79\/revisions\/1982"}],"wp:attachment":[{"href":"https:\/\/experiencia.winterhalter.com\/co\/wp-json\/wp\/v2\/media?parent=79"}],"curies":[{"name":"wp","href":"https:\/\/api.w.org\/{rel}","templated":true}]}}