{"id":230,"date":"2018-07-25T19:46:11","date_gmt":"2018-07-25T19:46:11","guid":{"rendered":"http:\/\/experiencia.winterhalter.com\/?page_id=230"},"modified":"2025-09-15T17:05:59","modified_gmt":"2025-09-15T17:05:59","slug":"valores-espana","status":"publish","type":"page","link":"https:\/\/experiencia.winterhalter.com\/pe\/valores-espana\/","title":{"rendered":"Valores"},"content":{"rendered":"<h2>Confiamos en nuestra calidad<\/h2>\n<p><span style=\"font-weight: 400;\">En Winterhalter ofrecemos los m\u00e1s altos est\u00e1ndares de calidad ya que contamos, no solo con los mejores sistemas de lavado industrial del mercado, sino con el m\u00e1s completo servicio y garant\u00eda postventa.<\/span><\/p>\n<h2>Soluciones personalizadas<\/h2>\n<p><span style=\"font-weight: 400;\">Contamos con un completo sistema que incluye lavavajillas, qu\u00edmicos, equipos para el tratamiento de agua y cestas de lavado. A partir de este m\u00e9todo desarrollamos una soluci\u00f3n personalizada que se adapta a su situaci\u00f3n individual, necesidades y preferencias de negocio.<\/span><\/p>\n<h2>Compromiso<\/h2>\n<p>Somos el mejor aliado para su negocio, por eso miramos, escuchamos y hacemos sugerencias para resolver todos los problemas en sus procesos de lavado. Nuestro compromiso es estar a su disposici\u00f3n siempre que usted lo requiera.<\/p>\n<h2>Permanente innovaci\u00f3n<\/h2>\n<p>Invertimos en investigaci\u00f3n y desarrollo de nuevas tecnolog\u00edas para ofrecer mejores soluciones, productos innovadores y nuevos modelos comerciales. Estamos jugando un papel activo en la configuraci\u00f3n del futuro del lavado profesional.<\/p>\n<p>&nbsp;<\/p>\n","protected":false},"excerpt":{"rendered":"<p>Confiamos en nuestra calidad En Winterhalter ofrecemos los m\u00e1s altos est\u00e1ndares de calidad ya que contamos, no solo con los mejores sistemas de lavado industrial [&hellip;]<\/p>\n","protected":false},"author":7,"featured_media":0,"parent":0,"menu_order":0,"comment_status":"closed","ping_status":"closed","template":"","meta":{"_acf_changed":false,"footnotes":""},"class_list":["post-230","page","type-page","status-publish","hentry"],"acf":[],"yoast_head":"<!-- This site is optimized with the Yoast SEO plugin v27.0 - https:\/\/yoast.com\/product\/yoast-seo-wordpress\/ -->\n<title>Valores - Blog Winterhalter Peru<\/title>\n<meta name=\"robots\" content=\"noindex, nofollow\" \/>\n<meta property=\"og:locale\" content=\"es_ES\" \/>\n<meta property=\"og:type\" content=\"article\" \/>\n<meta property=\"og:title\" content=\"Valores - Blog Winterhalter Peru\" \/>\n<meta property=\"og:description\" content=\"Confiamos en nuestra calidad En Winterhalter ofrecemos los m\u00e1s altos est\u00e1ndares de calidad ya que contamos, no solo con los mejores sistemas de lavado industrial [&hellip;]\" \/>\n<meta property=\"og:url\" content=\"https:\/\/experiencia.winterhalter.com\/pe\/valores-espana\/\" \/>\n<meta property=\"og:site_name\" content=\"Blog Winterhalter Peru\" \/>\n<meta property=\"article:modified_time\" content=\"2025-09-15T17:05:59+00:00\" \/>\n<meta name=\"twitter:card\" content=\"summary_large_image\" \/>\n<meta name=\"twitter:label1\" content=\"Tiempo de lectura\" \/>\n\t<meta name=\"twitter:data1\" content=\"1 minuto\" \/>\n<script type=\"application\/ld+json\" class=\"yoast-schema-graph\">{\"@context\":\"https:\/\/schema.org\",\"@graph\":[{\"@type\":\"WebPage\",\"@id\":\"https:\/\/experiencia.winterhalter.com\/pe\/valores-espana\/\",\"url\":\"https:\/\/experiencia.winterhalter.com\/pe\/valores-espana\/\",\"name\":\"Valores - Blog Winterhalter Peru\",\"isPartOf\":{\"@id\":\"https:\/\/experiencia.winterhalter.com\/#website\"},\"datePublished\":\"2018-07-25T19:46:11+00:00\",\"dateModified\":\"2025-09-15T17:05:59+00:00\",\"breadcrumb\":{\"@id\":\"https:\/\/experiencia.winterhalter.com\/pe\/valores-espana\/#breadcrumb\"},\"inLanguage\":\"es\",\"potentialAction\":[{\"@type\":\"ReadAction\",\"target\":[\"https:\/\/experiencia.winterhalter.com\/pe\/valores-espana\/\"]}]},{\"@type\":\"BreadcrumbList\",\"@id\":\"https:\/\/experiencia.winterhalter.com\/pe\/valores-espana\/#breadcrumb\",\"itemListElement\":[{\"@type\":\"ListItem\",\"position\":1,\"name\":\"Portada\",\"item\":\"https:\/\/experiencia.winterhalter.com\/\"},{\"@type\":\"ListItem\",\"position\":2,\"name\":\"Valores\"}]},{\"@type\":\"WebSite\",\"@id\":\"https:\/\/experiencia.winterhalter.com\/#website\",\"url\":\"https:\/\/experiencia.winterhalter.com\/\",\"name\":\"Blog Winterhalter Peru\",\"description\":\"\",\"potentialAction\":[{\"@type\":\"SearchAction\",\"target\":{\"@type\":\"EntryPoint\",\"urlTemplate\":\"https:\/\/experiencia.winterhalter.com\/?s={search_term_string}\"},\"query-input\":{\"@type\":\"PropertyValueSpecification\",\"valueRequired\":true,\"valueName\":\"search_term_string\"}}],\"inLanguage\":\"es\"}]}<\/script>\n<!-- \/ Yoast SEO plugin. -->","yoast_head_json":{"title":"Valores - Blog Winterhalter Peru","robots":{"index":"noindex","follow":"nofollow"},"og_locale":"es_ES","og_type":"article","og_title":"Valores - Blog Winterhalter Peru","og_description":"Confiamos en nuestra calidad En Winterhalter ofrecemos los m\u00e1s altos est\u00e1ndares de calidad ya que contamos, no solo con los mejores sistemas de lavado industrial [&hellip;]","og_url":"https:\/\/experiencia.winterhalter.com\/pe\/valores-espana\/","og_site_name":"Blog Winterhalter Peru","article_modified_time":"2025-09-15T17:05:59+00:00","twitter_card":"summary_large_image","twitter_misc":{"Tiempo de lectura":"1 minuto"},"schema":{"@context":"https:\/\/schema.org","@graph":[{"@type":"WebPage","@id":"https:\/\/experiencia.winterhalter.com\/pe\/valores-espana\/","url":"https:\/\/experiencia.winterhalter.com\/pe\/valores-espana\/","name":"Valores - Blog Winterhalter Peru","isPartOf":{"@id":"https:\/\/experiencia.winterhalter.com\/#website"},"datePublished":"2018-07-25T19:46:11+00:00","dateModified":"2025-09-15T17:05:59+00:00","breadcrumb":{"@id":"https:\/\/experiencia.winterhalter.com\/pe\/valores-espana\/#breadcrumb"},"inLanguage":"es","potentialAction":[{"@type":"ReadAction","target":["https:\/\/experiencia.winterhalter.com\/pe\/valores-espana\/"]}]},{"@type":"BreadcrumbList","@id":"https:\/\/experiencia.winterhalter.com\/pe\/valores-espana\/#breadcrumb","itemListElement":[{"@type":"ListItem","position":1,"name":"Portada","item":"https:\/\/experiencia.winterhalter.com\/"},{"@type":"ListItem","position":2,"name":"Valores"}]},{"@type":"WebSite","@id":"https:\/\/experiencia.winterhalter.com\/#website","url":"https:\/\/experiencia.winterhalter.com\/","name":"Blog Winterhalter Peru","description":"","potentialAction":[{"@type":"SearchAction","target":{"@type":"EntryPoint","urlTemplate":"https:\/\/experiencia.winterhalter.com\/?s={search_term_string}"},"query-input":{"@type":"PropertyValueSpecification","valueRequired":true,"valueName":"search_term_string"}}],"inLanguage":"es"}]}},"_links":{"self":[{"href":"https:\/\/experiencia.winterhalter.com\/pe\/wp-json\/wp\/v2\/pages\/230","targetHints":{"allow":["GET"]}}],"collection":[{"href":"https:\/\/experiencia.winterhalter.com\/pe\/wp-json\/wp\/v2\/pages"}],"about":[{"href":"https:\/\/experiencia.winterhalter.com\/pe\/wp-json\/wp\/v2\/types\/page"}],"author":[{"embeddable":true,"href":"https:\/\/experiencia.winterhalter.com\/pe\/wp-json\/wp\/v2\/users\/7"}],"replies":[{"embeddable":true,"href":"https:\/\/experiencia.winterhalter.com\/pe\/wp-json\/wp\/v2\/comments?post=230"}],"version-history":[{"count":8,"href":"https:\/\/experiencia.winterhalter.com\/pe\/wp-json\/wp\/v2\/pages\/230\/revisions"}],"predecessor-version":[{"id":307,"href":"https:\/\/experiencia.winterhalter.com\/pe\/wp-json\/wp\/v2\/pages\/230\/revisions\/307"}],"wp:attachment":[{"href":"https:\/\/experiencia.winterhalter.com\/pe\/wp-json\/wp\/v2\/media?parent=230"}],"curies":[{"name":"wp","href":"https:\/\/api.w.org\/{rel}","templated":true}]}}