{"id":79,"date":"2018-07-12T13:15:04","date_gmt":"2018-07-12T13:15:04","guid":{"rendered":"http:\/\/experiencia.winterhalter.com\/?page_id=79"},"modified":"2025-09-15T15:48:39","modified_gmt":"2025-09-15T15:48:39","slug":"contacto-colombia","status":"publish","type":"page","link":"https:\/\/experiencia.winterhalter.com\/pe\/contacto-colombia\/","title":{"rendered":"Contacto Colombia"},"content":{"rendered":"<div class=\"row\">\n<div class=\"col-md-6\"><img fetchpriority=\"high\" decoding=\"async\" class=\"wp-image-756 size-full aligncenter\" src=\"http:\/\/experiencia.winterhalter.com\/wp-content\/uploads\/2019\/01\/banner-formulario-winterhalter-1.png\" alt=\"\" width=\"480\" height=\"256\" srcset=\"https:\/\/experiencia.winterhalter.com\/pe\/wp-content\/uploads\/2019\/01\/banner-formulario-winterhalter-1.png 480w, https:\/\/experiencia.winterhalter.com\/pe\/wp-content\/uploads\/2019\/01\/banner-formulario-winterhalter-1-300x160.png 300w, https:\/\/experiencia.winterhalter.com\/pe\/wp-content\/uploads\/2019\/01\/banner-formulario-winterhalter-1-24x13.png 24w, https:\/\/experiencia.winterhalter.com\/pe\/wp-content\/uploads\/2019\/01\/banner-formulario-winterhalter-1-36x19.png 36w, https:\/\/experiencia.winterhalter.com\/pe\/wp-content\/uploads\/2019\/01\/banner-formulario-winterhalter-1-48x26.png 48w\" sizes=\"(max-width: 480px) 100vw, 480px\" \/><\/p>\n<p>Winterhalter Colombia<br \/>\nWinterhalter Andina SAS<br \/>\nCarrera 49A # 91-24 Bogot\u00e1 &#8211; Colombia<br \/>\nTel- + 57 1 381 9272<a href=\"mailto:info@winterhalter.co\"><br \/>\ninfo@winterhalter.co<\/a><\/div>\n<div class=\"col-md-6 formulario-contacto\"><script src='https:\/\/crm.zoho.com\/crm\/WebFormServeServlet?rid=5759a23c0d0c22a311d17e00d49ca4d9b37978333c183594437ac87c04919a1egid2715f7be3e75ff1c2c6efb71fda1119cab1a03999f57e28c9114c1bd5894b8fe&#038;script=$sYG'><span data-mce-type=\"bookmark\" style=\"display: inline-block; width: 0px; overflow: hidden; line-height: 0;\" class=\"mce_SELRES_start\">\ufeff<\/span><\/script><\/div>\n<\/div>\n","protected":false},"excerpt":{"rendered":"<p>Winterhalter Colombia Winterhalter Andina SAS Carrera 49A # 91-24 Bogot\u00e1 &#8211; Colombia Tel- + 57 1 381 9272 info@winterhalter.co<\/p>\n","protected":false},"author":7,"featured_media":0,"parent":0,"menu_order":0,"comment_status":"closed","ping_status":"closed","template":"page-colombia.php","meta":{"_acf_changed":false,"footnotes":""},"class_list":["post-79","page","type-page","status-publish","hentry"],"acf":[],"yoast_head":"<!-- This site is optimized with the Yoast SEO plugin v27.0 - https:\/\/yoast.com\/product\/yoast-seo-wordpress\/ -->\n<title>Escr\u00edbenos | Winterhalter<\/title>\n<meta name=\"description\" content=\"Para nosotros son muy importantes tus inquietudes. Escr\u00edbenos que uno de nuestros asesores se pondr\u00e1 en contacto r\u00e1pidamente. \u00bfEn qu\u00e9 podemos ayudarte?\" \/>\n<meta name=\"robots\" content=\"noindex, nofollow\" \/>\n<meta property=\"og:locale\" content=\"es_ES\" \/>\n<meta property=\"og:type\" content=\"article\" \/>\n<meta property=\"og:title\" content=\"Escr\u00edbenos | Winterhalter\" \/>\n<meta property=\"og:description\" content=\"Para nosotros son muy importantes tus inquietudes. Escr\u00edbenos que uno de nuestros asesores se pondr\u00e1 en contacto r\u00e1pidamente. \u00bfEn qu\u00e9 podemos ayudarte?\" \/>\n<meta property=\"og:url\" content=\"https:\/\/experiencia.winterhalter.com\/pe\/contacto-colombia\/\" \/>\n<meta property=\"og:site_name\" content=\"Blog Winterhalter Peru\" \/>\n<meta property=\"article:modified_time\" content=\"2025-09-15T15:48:39+00:00\" \/>\n<meta property=\"og:image\" content=\"https:\/\/experiencia.winterhalter.com\/pe\/wp-content\/uploads\/2019\/01\/banner-formulario-winterhalter-1.png\" \/>\n\t<meta property=\"og:image:width\" content=\"480\" \/>\n\t<meta property=\"og:image:height\" content=\"256\" \/>\n\t<meta property=\"og:image:type\" content=\"image\/png\" \/>\n<meta name=\"twitter:card\" content=\"summary_large_image\" \/>\n<meta name=\"twitter:label1\" content=\"Tiempo de lectura\" \/>\n\t<meta name=\"twitter:data1\" content=\"1 minuto\" \/>\n<script type=\"application\/ld+json\" class=\"yoast-schema-graph\">{\"@context\":\"https:\/\/schema.org\",\"@graph\":[{\"@type\":\"WebPage\",\"@id\":\"https:\/\/experiencia.winterhalter.com\/pe\/contacto-colombia\/\",\"url\":\"https:\/\/experiencia.winterhalter.com\/pe\/contacto-colombia\/\",\"name\":\"Escr\u00edbenos | Winterhalter\",\"isPartOf\":{\"@id\":\"https:\/\/experiencia.winterhalter.com\/#website\"},\"primaryImageOfPage\":{\"@id\":\"https:\/\/experiencia.winterhalter.com\/pe\/contacto-colombia\/#primaryimage\"},\"image\":{\"@id\":\"https:\/\/experiencia.winterhalter.com\/pe\/contacto-colombia\/#primaryimage\"},\"thumbnailUrl\":\"http:\/\/experiencia.winterhalter.com\/wp-content\/uploads\/2019\/01\/banner-formulario-winterhalter-1.png\",\"datePublished\":\"2018-07-12T13:15:04+00:00\",\"dateModified\":\"2025-09-15T15:48:39+00:00\",\"description\":\"Para nosotros son muy importantes tus inquietudes. Escr\u00edbenos que uno de nuestros asesores se pondr\u00e1 en contacto r\u00e1pidamente. \u00bfEn qu\u00e9 podemos ayudarte?\",\"breadcrumb\":{\"@id\":\"https:\/\/experiencia.winterhalter.com\/pe\/contacto-colombia\/#breadcrumb\"},\"inLanguage\":\"es\",\"potentialAction\":[{\"@type\":\"ReadAction\",\"target\":[\"https:\/\/experiencia.winterhalter.com\/pe\/contacto-colombia\/\"]}]},{\"@type\":\"ImageObject\",\"inLanguage\":\"es\",\"@id\":\"https:\/\/experiencia.winterhalter.com\/pe\/contacto-colombia\/#primaryimage\",\"url\":\"http:\/\/experiencia.winterhalter.com\/wp-content\/uploads\/2019\/01\/banner-formulario-winterhalter-1.png\",\"contentUrl\":\"http:\/\/experiencia.winterhalter.com\/wp-content\/uploads\/2019\/01\/banner-formulario-winterhalter-1.png\"},{\"@type\":\"BreadcrumbList\",\"@id\":\"https:\/\/experiencia.winterhalter.com\/pe\/contacto-colombia\/#breadcrumb\",\"itemListElement\":[{\"@type\":\"ListItem\",\"position\":1,\"name\":\"Portada\",\"item\":\"https:\/\/experiencia.winterhalter.com\/\"},{\"@type\":\"ListItem\",\"position\":2,\"name\":\"Contacto Colombia\"}]},{\"@type\":\"WebSite\",\"@id\":\"https:\/\/experiencia.winterhalter.com\/#website\",\"url\":\"https:\/\/experiencia.winterhalter.com\/\",\"name\":\"Blog Winterhalter Peru\",\"description\":\"\",\"potentialAction\":[{\"@type\":\"SearchAction\",\"target\":{\"@type\":\"EntryPoint\",\"urlTemplate\":\"https:\/\/experiencia.winterhalter.com\/?s={search_term_string}\"},\"query-input\":{\"@type\":\"PropertyValueSpecification\",\"valueRequired\":true,\"valueName\":\"search_term_string\"}}],\"inLanguage\":\"es\"}]}<\/script>\n<!-- \/ Yoast SEO plugin. -->","yoast_head_json":{"title":"Escr\u00edbenos | Winterhalter","description":"Para nosotros son muy importantes tus inquietudes. Escr\u00edbenos que uno de nuestros asesores se pondr\u00e1 en contacto r\u00e1pidamente. \u00bfEn qu\u00e9 podemos ayudarte?","robots":{"index":"noindex","follow":"nofollow"},"og_locale":"es_ES","og_type":"article","og_title":"Escr\u00edbenos | Winterhalter","og_description":"Para nosotros son muy importantes tus inquietudes. Escr\u00edbenos que uno de nuestros asesores se pondr\u00e1 en contacto r\u00e1pidamente. \u00bfEn qu\u00e9 podemos ayudarte?","og_url":"https:\/\/experiencia.winterhalter.com\/pe\/contacto-colombia\/","og_site_name":"Blog Winterhalter Peru","article_modified_time":"2025-09-15T15:48:39+00:00","og_image":[{"width":480,"height":256,"url":"https:\/\/experiencia.winterhalter.com\/pe\/wp-content\/uploads\/2019\/01\/banner-formulario-winterhalter-1.png","type":"image\/png"}],"twitter_card":"summary_large_image","twitter_misc":{"Tiempo de lectura":"1 minuto"},"schema":{"@context":"https:\/\/schema.org","@graph":[{"@type":"WebPage","@id":"https:\/\/experiencia.winterhalter.com\/pe\/contacto-colombia\/","url":"https:\/\/experiencia.winterhalter.com\/pe\/contacto-colombia\/","name":"Escr\u00edbenos | Winterhalter","isPartOf":{"@id":"https:\/\/experiencia.winterhalter.com\/#website"},"primaryImageOfPage":{"@id":"https:\/\/experiencia.winterhalter.com\/pe\/contacto-colombia\/#primaryimage"},"image":{"@id":"https:\/\/experiencia.winterhalter.com\/pe\/contacto-colombia\/#primaryimage"},"thumbnailUrl":"http:\/\/experiencia.winterhalter.com\/wp-content\/uploads\/2019\/01\/banner-formulario-winterhalter-1.png","datePublished":"2018-07-12T13:15:04+00:00","dateModified":"2025-09-15T15:48:39+00:00","description":"Para nosotros son muy importantes tus inquietudes. Escr\u00edbenos que uno de nuestros asesores se pondr\u00e1 en contacto r\u00e1pidamente. \u00bfEn qu\u00e9 podemos ayudarte?","breadcrumb":{"@id":"https:\/\/experiencia.winterhalter.com\/pe\/contacto-colombia\/#breadcrumb"},"inLanguage":"es","potentialAction":[{"@type":"ReadAction","target":["https:\/\/experiencia.winterhalter.com\/pe\/contacto-colombia\/"]}]},{"@type":"ImageObject","inLanguage":"es","@id":"https:\/\/experiencia.winterhalter.com\/pe\/contacto-colombia\/#primaryimage","url":"http:\/\/experiencia.winterhalter.com\/wp-content\/uploads\/2019\/01\/banner-formulario-winterhalter-1.png","contentUrl":"http:\/\/experiencia.winterhalter.com\/wp-content\/uploads\/2019\/01\/banner-formulario-winterhalter-1.png"},{"@type":"BreadcrumbList","@id":"https:\/\/experiencia.winterhalter.com\/pe\/contacto-colombia\/#breadcrumb","itemListElement":[{"@type":"ListItem","position":1,"name":"Portada","item":"https:\/\/experiencia.winterhalter.com\/"},{"@type":"ListItem","position":2,"name":"Contacto Colombia"}]},{"@type":"WebSite","@id":"https:\/\/experiencia.winterhalter.com\/#website","url":"https:\/\/experiencia.winterhalter.com\/","name":"Blog Winterhalter Peru","description":"","potentialAction":[{"@type":"SearchAction","target":{"@type":"EntryPoint","urlTemplate":"https:\/\/experiencia.winterhalter.com\/?s={search_term_string}"},"query-input":{"@type":"PropertyValueSpecification","valueRequired":true,"valueName":"search_term_string"}}],"inLanguage":"es"}]}},"_links":{"self":[{"href":"https:\/\/experiencia.winterhalter.com\/pe\/wp-json\/wp\/v2\/pages\/79","targetHints":{"allow":["GET"]}}],"collection":[{"href":"https:\/\/experiencia.winterhalter.com\/pe\/wp-json\/wp\/v2\/pages"}],"about":[{"href":"https:\/\/experiencia.winterhalter.com\/pe\/wp-json\/wp\/v2\/types\/page"}],"author":[{"embeddable":true,"href":"https:\/\/experiencia.winterhalter.com\/pe\/wp-json\/wp\/v2\/users\/7"}],"replies":[{"embeddable":true,"href":"https:\/\/experiencia.winterhalter.com\/pe\/wp-json\/wp\/v2\/comments?post=79"}],"version-history":[{"count":69,"href":"https:\/\/experiencia.winterhalter.com\/pe\/wp-json\/wp\/v2\/pages\/79\/revisions"}],"predecessor-version":[{"id":10075,"href":"https:\/\/experiencia.winterhalter.com\/pe\/wp-json\/wp\/v2\/pages\/79\/revisions\/10075"}],"wp:attachment":[{"href":"https:\/\/experiencia.winterhalter.com\/pe\/wp-json\/wp\/v2\/media?parent=79"}],"curies":[{"name":"wp","href":"https:\/\/api.w.org\/{rel}","templated":true}]}}