{"id":83,"date":"2018-07-12T13:15:33","date_gmt":"2018-07-12T13:15:33","guid":{"rendered":"http:\/\/experiencia.winterhalter.com\/?page_id=83"},"modified":"2025-09-15T15:48:57","modified_gmt":"2025-09-15T15:48:57","slug":"contacto-mexico","status":"publish","type":"page","link":"https:\/\/experiencia.winterhalter.com\/pe\/contacto-mexico\/","title":{"rendered":"Contacto M\u00e9xico"},"content":{"rendered":"<div class=\"row\">\n<div>\n<p>Winterhalter Lavalozas y Sistemas de<br \/>\nLavado Industrial de M\u00e9xico S. de R.L. de C.V<br \/>\nCalle Yucat\u00e1n 40 \u2013 Col. San Rafael Poniente\u00a072029 Puebla, PUE<br \/>\nTel.\u00a0+52 (222) 5825678<br \/>\n<a id=\"LPlnk147932\" href=\"http:\/\/www.winterhalter.com.mx\/\" target=\"_blank\" rel=\"noopener noreferrer\" data-auth=\"NotApplicable\">www.winterhalter.com.mx<\/a><\/p>\n<\/div>\n<div class=\"col-md-6\"><script src='https:\/\/crm.zoho.com\/crm\/WebFormServeServlet?rid=1b94482b26da10ac6239d654fc964b938b815cc34435d355ad8b32f0a45dfef1gid134f647ac6a04ada036b9abb0d7b024669197e464ad01a68ce3001161b67fed7&#038;script=$sYG'><\/script><\/div>\n<\/div>\n","protected":false},"excerpt":{"rendered":"<p>Winterhalter Lavalozas y Sistemas de Lavado Industrial de M\u00e9xico S. de R.L. de C.V Calle Yucat\u00e1n 40 \u2013 Col. San Rafael Poniente\u00a072029 Puebla, PUE Tel.\u00a0+52 [&hellip;]<\/p>\n","protected":false},"author":7,"featured_media":0,"parent":0,"menu_order":0,"comment_status":"closed","ping_status":"closed","template":"","meta":{"_acf_changed":false,"footnotes":""},"class_list":["post-83","page","type-page","status-publish","hentry"],"acf":[],"yoast_head":"<!-- This site is optimized with the Yoast SEO plugin v27.0 - https:\/\/yoast.com\/product\/yoast-seo-wordpress\/ -->\n<title>Contacto M\u00e9xico - Blog Winterhalter Peru<\/title>\n<meta name=\"robots\" content=\"noindex, nofollow\" \/>\n<meta property=\"og:locale\" content=\"es_ES\" \/>\n<meta property=\"og:type\" content=\"article\" \/>\n<meta property=\"og:title\" content=\"Contacto M\u00e9xico - Blog Winterhalter Peru\" \/>\n<meta property=\"og:description\" content=\"Winterhalter Lavalozas y Sistemas de Lavado Industrial de M\u00e9xico S. de R.L. de C.V Calle Yucat\u00e1n 40 \u2013 Col. San Rafael Poniente\u00a072029 Puebla, PUE Tel.\u00a0+52 [&hellip;]\" \/>\n<meta property=\"og:url\" content=\"https:\/\/experiencia.winterhalter.com\/pe\/contacto-mexico\/\" \/>\n<meta property=\"og:site_name\" content=\"Blog Winterhalter Peru\" \/>\n<meta property=\"article:modified_time\" content=\"2025-09-15T15:48:57+00:00\" \/>\n<meta name=\"twitter:card\" content=\"summary_large_image\" \/>\n<meta name=\"twitter:label1\" content=\"Tiempo de lectura\" \/>\n\t<meta name=\"twitter:data1\" content=\"1 minuto\" \/>\n<script type=\"application\/ld+json\" class=\"yoast-schema-graph\">{\"@context\":\"https:\/\/schema.org\",\"@graph\":[{\"@type\":\"WebPage\",\"@id\":\"https:\/\/experiencia.winterhalter.com\/pe\/contacto-mexico\/\",\"url\":\"https:\/\/experiencia.winterhalter.com\/pe\/contacto-mexico\/\",\"name\":\"Contacto M\u00e9xico - Blog Winterhalter Peru\",\"isPartOf\":{\"@id\":\"https:\/\/experiencia.winterhalter.com\/#website\"},\"datePublished\":\"2018-07-12T13:15:33+00:00\",\"dateModified\":\"2025-09-15T15:48:57+00:00\",\"breadcrumb\":{\"@id\":\"https:\/\/experiencia.winterhalter.com\/pe\/contacto-mexico\/#breadcrumb\"},\"inLanguage\":\"es\",\"potentialAction\":[{\"@type\":\"ReadAction\",\"target\":[\"https:\/\/experiencia.winterhalter.com\/pe\/contacto-mexico\/\"]}]},{\"@type\":\"BreadcrumbList\",\"@id\":\"https:\/\/experiencia.winterhalter.com\/pe\/contacto-mexico\/#breadcrumb\",\"itemListElement\":[{\"@type\":\"ListItem\",\"position\":1,\"name\":\"Portada\",\"item\":\"https:\/\/experiencia.winterhalter.com\/\"},{\"@type\":\"ListItem\",\"position\":2,\"name\":\"Contacto M\u00e9xico\"}]},{\"@type\":\"WebSite\",\"@id\":\"https:\/\/experiencia.winterhalter.com\/#website\",\"url\":\"https:\/\/experiencia.winterhalter.com\/\",\"name\":\"Blog Winterhalter Peru\",\"description\":\"\",\"potentialAction\":[{\"@type\":\"SearchAction\",\"target\":{\"@type\":\"EntryPoint\",\"urlTemplate\":\"https:\/\/experiencia.winterhalter.com\/?s={search_term_string}\"},\"query-input\":{\"@type\":\"PropertyValueSpecification\",\"valueRequired\":true,\"valueName\":\"search_term_string\"}}],\"inLanguage\":\"es\"}]}<\/script>\n<!-- \/ Yoast SEO plugin. -->","yoast_head_json":{"title":"Contacto M\u00e9xico - Blog Winterhalter Peru","robots":{"index":"noindex","follow":"nofollow"},"og_locale":"es_ES","og_type":"article","og_title":"Contacto M\u00e9xico - Blog Winterhalter Peru","og_description":"Winterhalter Lavalozas y Sistemas de Lavado Industrial de M\u00e9xico S. de R.L. de C.V Calle Yucat\u00e1n 40 \u2013 Col. San Rafael Poniente\u00a072029 Puebla, PUE Tel.\u00a0+52 [&hellip;]","og_url":"https:\/\/experiencia.winterhalter.com\/pe\/contacto-mexico\/","og_site_name":"Blog Winterhalter Peru","article_modified_time":"2025-09-15T15:48:57+00:00","twitter_card":"summary_large_image","twitter_misc":{"Tiempo de lectura":"1 minuto"},"schema":{"@context":"https:\/\/schema.org","@graph":[{"@type":"WebPage","@id":"https:\/\/experiencia.winterhalter.com\/pe\/contacto-mexico\/","url":"https:\/\/experiencia.winterhalter.com\/pe\/contacto-mexico\/","name":"Contacto M\u00e9xico - Blog Winterhalter Peru","isPartOf":{"@id":"https:\/\/experiencia.winterhalter.com\/#website"},"datePublished":"2018-07-12T13:15:33+00:00","dateModified":"2025-09-15T15:48:57+00:00","breadcrumb":{"@id":"https:\/\/experiencia.winterhalter.com\/pe\/contacto-mexico\/#breadcrumb"},"inLanguage":"es","potentialAction":[{"@type":"ReadAction","target":["https:\/\/experiencia.winterhalter.com\/pe\/contacto-mexico\/"]}]},{"@type":"BreadcrumbList","@id":"https:\/\/experiencia.winterhalter.com\/pe\/contacto-mexico\/#breadcrumb","itemListElement":[{"@type":"ListItem","position":1,"name":"Portada","item":"https:\/\/experiencia.winterhalter.com\/"},{"@type":"ListItem","position":2,"name":"Contacto M\u00e9xico"}]},{"@type":"WebSite","@id":"https:\/\/experiencia.winterhalter.com\/#website","url":"https:\/\/experiencia.winterhalter.com\/","name":"Blog Winterhalter Peru","description":"","potentialAction":[{"@type":"SearchAction","target":{"@type":"EntryPoint","urlTemplate":"https:\/\/experiencia.winterhalter.com\/?s={search_term_string}"},"query-input":{"@type":"PropertyValueSpecification","valueRequired":true,"valueName":"search_term_string"}}],"inLanguage":"es"}]}},"_links":{"self":[{"href":"https:\/\/experiencia.winterhalter.com\/pe\/wp-json\/wp\/v2\/pages\/83","targetHints":{"allow":["GET"]}}],"collection":[{"href":"https:\/\/experiencia.winterhalter.com\/pe\/wp-json\/wp\/v2\/pages"}],"about":[{"href":"https:\/\/experiencia.winterhalter.com\/pe\/wp-json\/wp\/v2\/types\/page"}],"author":[{"embeddable":true,"href":"https:\/\/experiencia.winterhalter.com\/pe\/wp-json\/wp\/v2\/users\/7"}],"replies":[{"embeddable":true,"href":"https:\/\/experiencia.winterhalter.com\/pe\/wp-json\/wp\/v2\/comments?post=83"}],"version-history":[{"count":7,"href":"https:\/\/experiencia.winterhalter.com\/pe\/wp-json\/wp\/v2\/pages\/83\/revisions"}],"predecessor-version":[{"id":834,"href":"https:\/\/experiencia.winterhalter.com\/pe\/wp-json\/wp\/v2\/pages\/83\/revisions\/834"}],"wp:attachment":[{"href":"https:\/\/experiencia.winterhalter.com\/pe\/wp-json\/wp\/v2\/media?parent=83"}],"curies":[{"name":"wp","href":"https:\/\/api.w.org\/{rel}","templated":true}]}}